{"id":851,"date":"2024-02-07T16:47:31","date_gmt":"2024-02-07T15:47:31","guid":{"rendered":"https:\/\/boombaam.se\/?page_id=851"},"modified":"2025-03-17T14:36:50","modified_gmt":"2025-03-17T13:36:50","slug":"kontakta-oss-2","status":"publish","type":"page","link":"https:\/\/boombaam.se\/?page_id=851","title":{"rendered":"Kontakta oss"},"content":{"rendered":"\n<figure class=\"wp-block-image alignfull size-large has-custom-border\"><img loading=\"lazy\" decoding=\"async\" width=\"1024\" height=\"576\" src=\"https:\/\/boombaam.se\/wp-content\/uploads\/2025\/03\/zzz-1024x576.webp\" alt=\"\" class=\"wp-image-1001\" style=\"border-style:none;border-width:0px\" srcset=\"https:\/\/boombaam.se\/wp-content\/uploads\/2025\/03\/zzz-1024x576.webp 1024w, https:\/\/boombaam.se\/wp-content\/uploads\/2025\/03\/zzz-300x169.webp 300w, https:\/\/boombaam.se\/wp-content\/uploads\/2025\/03\/zzz-768x432.webp 768w, https:\/\/boombaam.se\/wp-content\/uploads\/2025\/03\/zzz-1536x864.webp 1536w, https:\/\/boombaam.se\/wp-content\/uploads\/2025\/03\/zzz.webp 2048w\" sizes=\"auto, (max-width: 1024px) 100vw, 1024px\" \/><\/figure>\n\n\n\n<div style=\"height:13px\" aria-hidden=\"true\" class=\"wp-block-spacer\"><\/div>\n\n\n\n<div class=\"wp-block-columns alignfull has-ast-global-color-4-background-color has-background is-layout-flex wp-container-core-columns-is-layout-28f84493 wp-block-columns-is-layout-flex\">\n<div class=\"wp-block-column is-layout-flow wp-block-column-is-layout-flow\">\n<p class=\"has-ast-global-color-2-color has-text-color has-link-color wp-elements-d573096b068bedea6039752359003a42\" style=\"font-size:20px;line-height:1.7\">Vi finns h\u00e4r f\u00f6r att diskutera dina projekt, id\u00e9er och f\u00f6rfr\u00e5gningar.<\/p>\n\n\n\n<p class=\"has-ast-global-color-2-color has-text-color has-link-color wp-elements-571b9b06b89d6378c3e88e8cc29c7014\" style=\"font-size:20px;line-height:1.7\"><strong>Sandra Myrn\u00e4s<\/strong><br>+46 738177860<\/p>\n\n\n\n<p class=\"has-ast-global-color-2-color has-text-color has-link-color wp-elements-23bfab65cc2cac04217b50f0306962b8\" style=\"font-size:20px;line-height:1.7\"><strong>Luis Granobles<\/strong><br>+46 704918803<\/p>\n\n\n\n<p class=\"has-ast-global-color-2-color has-text-color has-link-color wp-elements-1ecdf8e61a1bd54c07e7d23d2d0d179c\" style=\"font-size:20px;line-height:1.7\">Det g\u00e5r \u00e4ven bra att mejla oss p\u00e5 <a href=\"mailto:info@boombaam.se\"><strong>info@boombaam.se<\/strong><\/a> eller fylla i v\u00e5rt kontaktformul\u00e4r.<\/p>\n\n\n\n<p class=\"has-ast-global-color-2-color has-text-color has-link-color wp-elements-a705d07e80c4c1c970493ca1c8fd8ca2\" style=\"font-size:20px;line-height:1.7\">Vi ser fram emot att samarbeta med dig!<\/p>\n<\/div>\n\n\n\n<div class=\"wp-block-column has-ast-global-color-4-background-color has-background is-layout-flow wp-block-column-is-layout-flow\" style=\"flex-basis:50px\"><\/div>\n\n\n\n<div class=\"wp-block-column is-layout-flow wp-block-column-is-layout-flow\">\n<p class=\"has-text-align-left has-ast-global-color-2-color has-text-color has-link-color wp-elements-497d34f12a34c0887561ab7b5ab7b922\" style=\"margin-top:0;margin-bottom:0;padding-top:0;padding-bottom:0;font-size:23px;line-height:1.4\"><strong>Kontakta oss<\/strong><\/p>\n\n\n<style id=\"wpforms-css-vars-651-block-67f95239-98e2-4df8-9678-9434e7185e6a\">\n\t\t\t\t#wpforms-651.wpforms-block-67f95239-98e2-4df8-9678-9434e7185e6a {\n\t\t\t\t--wpforms-field-border-radius: 0px;\n--wpforms-button-border-radius: 0px;\n--wpforms-button-background-color: #841bed;\n--wpforms-field-size-input-height: 50px;\n--wpforms-field-size-input-spacing: 20px;\n--wpforms-field-size-font-size: 18px;\n--wpforms-field-size-line-height: 21px;\n--wpforms-field-size-padding-h: 14px;\n--wpforms-field-size-checkbox-size: 18px;\n--wpforms-field-size-sublabel-spacing: 10px;\n--wpforms-field-size-icon-size: 1.25;\n--wpforms-label-size-font-size: 16px;\n--wpforms-label-size-line-height: 19px;\n--wpforms-label-size-sublabel-font-size: 14px;\n--wpforms-label-size-sublabel-line-height: 17px;\n--wpforms-button-size-font-size: 17px;\n--wpforms-button-size-height: 41px;\n--wpforms-button-size-padding-h: 15px;\n--wpforms-button-size-margin-top: 10px;\n\t\t\t}\n\t\t\t<\/style><div class=\"wpforms-container wpforms-container-full wpforms-block wpforms-block-67f95239-98e2-4df8-9678-9434e7185e6a wpforms-render-modern\" id=\"wpforms-651\"><form id=\"wpforms-form-651\" class=\"wpforms-validate wpforms-form wpforms-ajax-form\" data-formid=\"651\" method=\"post\" enctype=\"multipart\/form-data\" action=\"\/index.php?rest_route=%2Fwp%2Fv2%2Fpages%2F851\" data-token=\"6fe1ea55c6850f03980d7a97f206d873\" data-token-time=\"1775832875\"><noscript class=\"wpforms-error-noscript\">Aktivera JavaScript i din webbl\u00e4sare f\u00f6r att fylla i formul\u00e4ret.<\/noscript><div id=\"wpforms-error-noscript\" style=\"display: none;\">Aktivera JavaScript i din webbl\u00e4sare f\u00f6r att fylla i formul\u00e4ret.<\/div><div class=\"wpforms-field-container\"><div id=\"wpforms-651-field_0-container\" class=\"wpforms-field wpforms-field-name\" data-field-id=\"0\"><label class=\"wpforms-field-label\" for=\"wpforms-651-field_0\">Namn <span class=\"wpforms-required-label\" aria-hidden=\"true\">*<\/span><\/label><input type=\"text\" id=\"wpforms-651-field_0\" class=\"wpforms-field-large wpforms-field-required\" name=\"wpforms[fields][0]\" aria-errormessage=\"wpforms-651-field_0-error\" required><\/div>\t\t<div id=\"wpforms-651-field_4-container\"\n\t\t\tclass=\"wpforms-field wpforms-field-text\"\n\t\t\tdata-field-type=\"text\"\n\t\t\tdata-field-id=\"4\"\n\t\t\t>\n\t\t\t<label class=\"wpforms-field-label\" for=\"wpforms-651-field_4\" >Meddelande E-post V\u00e4lj<\/label>\n\t\t\t<input type=\"text\" id=\"wpforms-651-field_4\" class=\"wpforms-field-medium\" name=\"wpforms[fields][4]\" >\n\t\t<\/div>\n\t\t<div id=\"wpforms-651-field_1-container\" class=\"wpforms-field wpforms-field-email\" data-field-id=\"1\"><label class=\"wpforms-field-label\" for=\"wpforms-651-field_1\">E-post <span class=\"wpforms-required-label\" aria-hidden=\"true\">*<\/span><\/label><input type=\"email\" id=\"wpforms-651-field_1\" class=\"wpforms-field-large wpforms-field-required\" name=\"wpforms[fields][1]\" spellcheck=\"false\" aria-errormessage=\"wpforms-651-field_1-error\" required><\/div><div id=\"wpforms-651-field_3-container\" class=\"wpforms-field wpforms-field-select wpforms-field-select-style-classic\" data-field-id=\"3\"><label class=\"wpforms-field-label\" for=\"wpforms-651-field_3\">V\u00e4lj tj\u00e4nst <span class=\"wpforms-required-label\" aria-hidden=\"true\">*<\/span><\/label><select id=\"wpforms-651-field_3\" class=\"wpforms-field-large wpforms-field-required\" name=\"wpforms[fields][3]\" required=\"required\"><option value=\"Foto &amp; Video\"  class=\"choice-1 depth-1\"  >Foto &amp; Video<\/option><option value=\"Sociala medier\"  class=\"choice-2 depth-1\"  >Sociala medier<\/option><option value=\"Webbdesign\"  class=\"choice-17 depth-1\"  >Webbdesign<\/option><option value=\"Arkitektur\"  class=\"choice-4 depth-1\"  >Arkitektur<\/option><\/select><\/div><div id=\"wpforms-651-field_2-container\" class=\"wpforms-field wpforms-field-textarea\" data-field-id=\"2\"><label class=\"wpforms-field-label\" for=\"wpforms-651-field_2\">Meddelande<\/label><textarea id=\"wpforms-651-field_2\" class=\"wpforms-field-medium\" name=\"wpforms[fields][2]\" aria-errormessage=\"wpforms-651-field_2-error\" ><\/textarea><\/div><script>\n\t\t\t\t( function() {\n\t\t\t\t\tconst style = document.createElement( 'style' );\n\t\t\t\t\tstyle.appendChild( document.createTextNode( '#wpforms-651-field_4-container { position: absolute !important; overflow: hidden !important; display: inline !important; height: 1px !important; width: 1px !important; z-index: -1000 !important; padding: 0 !important; } #wpforms-651-field_4-container input { visibility: hidden; } #wpforms-conversational-form-page #wpforms-651-field_4-container label { counter-increment: none; }' ) );\n\t\t\t\t\tdocument.head.appendChild( style );\n\t\t\t\t\tdocument.currentScript?.remove();\n\t\t\t\t} )();\n\t\t\t<\/script><\/div><!-- .wpforms-field-container --><div class=\"wpforms-recaptcha-container wpforms-is-recaptcha wpforms-is-recaptcha-type-v2\" ><div class=\"g-recaptcha\" data-sitekey=\"6LcKmvsqAAAAAL5l1ERfmMFsj2Jvvi9h2GXQwt9R\"><\/div><input type=\"text\" name=\"g-recaptcha-hidden\" class=\"wpforms-recaptcha-hidden\" style=\"position:absolute!important;clip:rect(0,0,0,0)!important;height:1px!important;width:1px!important;border:0!important;overflow:hidden!important;padding:0!important;margin:0!important;\" data-rule-recaptcha=\"1\"><\/div><div class=\"wpforms-submit-container\" ><input type=\"hidden\" name=\"wpforms[id]\" value=\"651\"><input type=\"hidden\" name=\"page_title\" value=\"\"><input type=\"hidden\" name=\"page_url\" value=\"https:\/\/boombaam.se\/index.php?rest_route=\/wp\/v2\/pages\/851\"><input type=\"hidden\" name=\"url_referer\" value=\"\"><button type=\"submit\" name=\"wpforms[submit]\" id=\"wpforms-submit-651\" class=\"wpforms-submit\" data-alt-text=\"Skickar...\" data-submit-text=\"Skicka\" aria-live=\"assertive\" value=\"wpforms-submit\">Skicka<\/button><img loading=\"lazy\" decoding=\"async\" src=\"https:\/\/boombaam.se\/wp-content\/plugins\/wpforms-lite\/assets\/images\/submit-spin.svg\" class=\"wpforms-submit-spinner\" style=\"display: none;\" width=\"26\" height=\"26\" alt=\"Laddar\"><\/div><\/form><\/div>  <!-- .wpforms-container --><\/div>\n<\/div>\n","protected":false},"excerpt":{"rendered":"<p>Vi finns h\u00e4r f\u00f6r att diskutera dina projekt, id\u00e9er och f\u00f6rfr\u00e5gningar. Sandra Myrn\u00e4s+46 738177860 Luis Granobles+46 704918803 Det g\u00e5r \u00e4ven bra att mejla oss p\u00e5 info@boombaam.se eller fylla i v\u00e5rt kontaktformul\u00e4r. Vi ser fram emot att samarbeta med dig! Kontakta oss<\/p>\n","protected":false},"author":1,"featured_media":0,"parent":0,"menu_order":0,"comment_status":"closed","ping_status":"closed","template":"","meta":{"site-sidebar-layout":"default","site-content-layout":"","ast-site-content-layout":"","site-content-style":"default","site-sidebar-style":"default","ast-global-header-display":"","ast-banner-title-visibility":"","ast-main-header-display":"","ast-hfb-above-header-display":"","ast-hfb-below-header-display":"","ast-hfb-mobile-header-display":"","site-post-title":"disabled","ast-breadcrumbs-content":"","ast-featured-img":"","footer-sml-layout":"","theme-transparent-header-meta":"","adv-header-id-meta":"","stick-header-meta":"","header-above-stick-meta":"","header-main-stick-meta":"","header-below-stick-meta":"","astra-migrate-meta-layouts":"default","ast-page-background-enabled":"default","ast-page-background-meta":{"desktop":{"background-color":"var(--ast-global-color-4)","background-image":"","background-repeat":"repeat","background-position":"center center","background-size":"auto","background-attachment":"scroll","background-type":"","background-media":"","overlay-type":"","overlay-color":"","overlay-opacity":"","overlay-gradient":""},"tablet":{"background-color":"","background-image":"","background-repeat":"repeat","background-position":"center center","background-size":"auto","background-attachment":"scroll","background-type":"","background-media":"","overlay-type":"","overlay-color":"","overlay-opacity":"","overlay-gradient":""},"mobile":{"background-color":"","background-image":"","background-repeat":"repeat","background-position":"center center","background-size":"auto","background-attachment":"scroll","background-type":"","background-media":"","overlay-type":"","overlay-color":"","overlay-opacity":"","overlay-gradient":""}},"ast-content-background-meta":{"desktop":{"background-color":"var(--ast-global-color-5)","background-image":"","background-repeat":"repeat","background-position":"center center","background-size":"auto","background-attachment":"scroll","background-type":"","background-media":"","overlay-type":"","overlay-color":"","overlay-opacity":"","overlay-gradient":""},"tablet":{"background-color":"var(--ast-global-color-5)","background-image":"","background-repeat":"repeat","background-position":"center center","background-size":"auto","background-attachment":"scroll","background-type":"","background-media":"","overlay-type":"","overlay-color":"","overlay-opacity":"","overlay-gradient":""},"mobile":{"background-color":"var(--ast-global-color-5)","background-image":"","background-repeat":"repeat","background-position":"center center","background-size":"auto","background-attachment":"scroll","background-type":"","background-media":"","overlay-type":"","overlay-color":"","overlay-opacity":"","overlay-gradient":""}},"footnotes":""},"class_list":["post-851","page","type-page","status-publish","hentry"],"yoast_head":"<!-- This site is optimized with the Yoast SEO plugin v24.7 - https:\/\/yoast.com\/wordpress\/plugins\/seo\/ -->\n<title>Kontakta oss -<\/title>\n<meta name=\"robots\" content=\"index, follow, max-snippet:-1, max-image-preview:large, max-video-preview:-1\" \/>\n<link rel=\"canonical\" href=\"https:\/\/boombaam.se\/?page_id=851\" \/>\n<meta property=\"og:locale\" content=\"sv_SE\" \/>\n<meta property=\"og:type\" content=\"article\" \/>\n<meta property=\"og:title\" content=\"Kontakta oss -\" \/>\n<meta property=\"og:description\" content=\"Vi finns h\u00e4r f\u00f6r att diskutera dina projekt, id\u00e9er och f\u00f6rfr\u00e5gningar. Sandra Myrn\u00e4s+46 738177860 Luis Granobles+46 704918803 Det g\u00e5r \u00e4ven bra att mejla oss p\u00e5 info@boombaam.se eller fylla i v\u00e5rt kontaktformul\u00e4r. Vi ser fram emot att samarbeta med dig! Kontakta oss\" \/>\n<meta property=\"og:url\" content=\"https:\/\/boombaam.se\/?page_id=851\" \/>\n<meta property=\"article:modified_time\" content=\"2025-03-17T13:36:50+00:00\" \/>\n<meta property=\"og:image\" content=\"https:\/\/boombaam.se\/wp-content\/uploads\/2025\/03\/zzz.webp\" \/>\n\t<meta property=\"og:image:width\" content=\"2048\" \/>\n\t<meta property=\"og:image:height\" content=\"1152\" \/>\n\t<meta property=\"og:image:type\" content=\"image\/webp\" \/>\n<meta name=\"twitter:card\" content=\"summary_large_image\" \/>\n<meta name=\"twitter:label1\" content=\"Ber\u00e4knad l\u00e4stid\" \/>\n\t<meta name=\"twitter:data1\" content=\"1 minut\" \/>\n<script type=\"application\/ld+json\" class=\"yoast-schema-graph\">{\"@context\":\"https:\/\/schema.org\",\"@graph\":[{\"@type\":\"WebPage\",\"@id\":\"https:\/\/boombaam.se\/?page_id=851\",\"url\":\"https:\/\/boombaam.se\/?page_id=851\",\"name\":\"Kontakta oss -\",\"isPartOf\":{\"@id\":\"https:\/\/boombaam.se\/#website\"},\"primaryImageOfPage\":{\"@id\":\"https:\/\/boombaam.se\/?page_id=851#primaryimage\"},\"image\":{\"@id\":\"https:\/\/boombaam.se\/?page_id=851#primaryimage\"},\"thumbnailUrl\":\"https:\/\/boombaam.se\/wp-content\/uploads\/2025\/03\/zzz-1024x576.webp\",\"datePublished\":\"2024-02-07T15:47:31+00:00\",\"dateModified\":\"2025-03-17T13:36:50+00:00\",\"breadcrumb\":{\"@id\":\"https:\/\/boombaam.se\/?page_id=851#breadcrumb\"},\"inLanguage\":\"sv-SE\",\"potentialAction\":[{\"@type\":\"ReadAction\",\"target\":[\"https:\/\/boombaam.se\/?page_id=851\"]}]},{\"@type\":\"ImageObject\",\"inLanguage\":\"sv-SE\",\"@id\":\"https:\/\/boombaam.se\/?page_id=851#primaryimage\",\"url\":\"https:\/\/boombaam.se\/wp-content\/uploads\/2025\/03\/zzz.webp\",\"contentUrl\":\"https:\/\/boombaam.se\/wp-content\/uploads\/2025\/03\/zzz.webp\",\"width\":2048,\"height\":1152},{\"@type\":\"BreadcrumbList\",\"@id\":\"https:\/\/boombaam.se\/?page_id=851#breadcrumb\",\"itemListElement\":[{\"@type\":\"ListItem\",\"position\":1,\"name\":\"Portada\",\"item\":\"https:\/\/boombaam.se\/\"},{\"@type\":\"ListItem\",\"position\":2,\"name\":\"Kontakta oss\"}]},{\"@type\":\"WebSite\",\"@id\":\"https:\/\/boombaam.se\/#website\",\"url\":\"https:\/\/boombaam.se\/\",\"name\":\"\",\"description\":\"\",\"potentialAction\":[{\"@type\":\"SearchAction\",\"target\":{\"@type\":\"EntryPoint\",\"urlTemplate\":\"https:\/\/boombaam.se\/?s={search_term_string}\"},\"query-input\":{\"@type\":\"PropertyValueSpecification\",\"valueRequired\":true,\"valueName\":\"search_term_string\"}}],\"inLanguage\":\"sv-SE\"}]}<\/script>\n<!-- \/ Yoast SEO plugin. -->","yoast_head_json":{"title":"Kontakta oss -","robots":{"index":"index","follow":"follow","max-snippet":"max-snippet:-1","max-image-preview":"max-image-preview:large","max-video-preview":"max-video-preview:-1"},"canonical":"https:\/\/boombaam.se\/?page_id=851","og_locale":"sv_SE","og_type":"article","og_title":"Kontakta oss -","og_description":"Vi finns h\u00e4r f\u00f6r att diskutera dina projekt, id\u00e9er och f\u00f6rfr\u00e5gningar. Sandra Myrn\u00e4s+46 738177860 Luis Granobles+46 704918803 Det g\u00e5r \u00e4ven bra att mejla oss p\u00e5 info@boombaam.se eller fylla i v\u00e5rt kontaktformul\u00e4r. Vi ser fram emot att samarbeta med dig! Kontakta oss","og_url":"https:\/\/boombaam.se\/?page_id=851","article_modified_time":"2025-03-17T13:36:50+00:00","og_image":[{"width":2048,"height":1152,"url":"https:\/\/boombaam.se\/wp-content\/uploads\/2025\/03\/zzz.webp","type":"image\/webp"}],"twitter_card":"summary_large_image","twitter_misc":{"Ber\u00e4knad l\u00e4stid":"1 minut"},"schema":{"@context":"https:\/\/schema.org","@graph":[{"@type":"WebPage","@id":"https:\/\/boombaam.se\/?page_id=851","url":"https:\/\/boombaam.se\/?page_id=851","name":"Kontakta oss -","isPartOf":{"@id":"https:\/\/boombaam.se\/#website"},"primaryImageOfPage":{"@id":"https:\/\/boombaam.se\/?page_id=851#primaryimage"},"image":{"@id":"https:\/\/boombaam.se\/?page_id=851#primaryimage"},"thumbnailUrl":"https:\/\/boombaam.se\/wp-content\/uploads\/2025\/03\/zzz-1024x576.webp","datePublished":"2024-02-07T15:47:31+00:00","dateModified":"2025-03-17T13:36:50+00:00","breadcrumb":{"@id":"https:\/\/boombaam.se\/?page_id=851#breadcrumb"},"inLanguage":"sv-SE","potentialAction":[{"@type":"ReadAction","target":["https:\/\/boombaam.se\/?page_id=851"]}]},{"@type":"ImageObject","inLanguage":"sv-SE","@id":"https:\/\/boombaam.se\/?page_id=851#primaryimage","url":"https:\/\/boombaam.se\/wp-content\/uploads\/2025\/03\/zzz.webp","contentUrl":"https:\/\/boombaam.se\/wp-content\/uploads\/2025\/03\/zzz.webp","width":2048,"height":1152},{"@type":"BreadcrumbList","@id":"https:\/\/boombaam.se\/?page_id=851#breadcrumb","itemListElement":[{"@type":"ListItem","position":1,"name":"Portada","item":"https:\/\/boombaam.se\/"},{"@type":"ListItem","position":2,"name":"Kontakta oss"}]},{"@type":"WebSite","@id":"https:\/\/boombaam.se\/#website","url":"https:\/\/boombaam.se\/","name":"","description":"","potentialAction":[{"@type":"SearchAction","target":{"@type":"EntryPoint","urlTemplate":"https:\/\/boombaam.se\/?s={search_term_string}"},"query-input":{"@type":"PropertyValueSpecification","valueRequired":true,"valueName":"search_term_string"}}],"inLanguage":"sv-SE"}]}},"_links":{"self":[{"href":"https:\/\/boombaam.se\/index.php?rest_route=\/wp\/v2\/pages\/851","targetHints":{"allow":["GET"]}}],"collection":[{"href":"https:\/\/boombaam.se\/index.php?rest_route=\/wp\/v2\/pages"}],"about":[{"href":"https:\/\/boombaam.se\/index.php?rest_route=\/wp\/v2\/types\/page"}],"author":[{"embeddable":true,"href":"https:\/\/boombaam.se\/index.php?rest_route=\/wp\/v2\/users\/1"}],"replies":[{"embeddable":true,"href":"https:\/\/boombaam.se\/index.php?rest_route=%2Fwp%2Fv2%2Fcomments&post=851"}],"version-history":[{"count":23,"href":"https:\/\/boombaam.se\/index.php?rest_route=\/wp\/v2\/pages\/851\/revisions"}],"predecessor-version":[{"id":1169,"href":"https:\/\/boombaam.se\/index.php?rest_route=\/wp\/v2\/pages\/851\/revisions\/1169"}],"wp:attachment":[{"href":"https:\/\/boombaam.se\/index.php?rest_route=%2Fwp%2Fv2%2Fmedia&parent=851"}],"curies":[{"name":"wp","href":"https:\/\/api.w.org\/{rel}","templated":true}]}}